{"id":8136,"date":"2024-05-14T15:58:22","date_gmt":"2024-05-14T13:58:22","guid":{"rendered":"https:\/\/romantischestrasse.de\/outdoor\/"},"modified":"2026-02-11T11:28:18","modified_gmt":"2026-02-11T10:28:18","slug":"outdoor","status":"publish","type":"page","link":"https:\/\/romantischestrasse.de\/en\/outdoor\/","title":{"rendered":"Outdoor"},"content":{"rendered":"<section class=\"l-section wpb_row us_custom_e6f7c472 height_medium color_alternate\"><div class=\"l-section-overlay\" style=\"background:linear-gradient(190deg,rgba(38,53,84,0.00),rgba(38,53,84,0.294140625))\"><\/div><div class=\"l-section-h i-cf\"><div class=\"g-cols vc_row via_flex valign_top type_default stacking_default\"><div class=\"vc_col-sm-12 wpb_column vc_column_container\"><div class=\"vc_column-inner\"><div class=\"wpb_wrapper\"><div class=\"w-separator size_custom\" style=\"height:25vh\"><\/div><div class=\"w-hwrapper us_custom_5877cc32 valign_top align_left\"><h1 class=\"w-post-elm post_title us_custom_1f257949 entry-title color_link_inherit\">Outdoor<\/h1><\/div><\/div><\/div><\/div><\/div><\/div><\/section><section class=\"l-section wpb_row height_medium width_custom\" style=\"--site-content-width:1500px;\"><div class=\"l-section-h i-cf\"><div class=\"g-cols vc_row via_flex valign_top type_default stacking_default\"><div class=\"vc_col-sm-4 wpb_column vc_column_container\"><div class=\"vc_column-inner type_sticky\"><div class=\"wpb_wrapper\"><div class=\"w-vwrapper align_none valign_top\" style=\"--vwrapper-gap:0rem\"><div class=\"w-text us_custom_abe0f063\"><span class=\"w-text-h\"><span class=\"w-text-value\">Quick-Links<\/span><\/span><\/div><div class=\"w-btn-wrapper align_none\"><a class=\"w-btn us-btn-style_4 icon_atleft\" href=\"https:\/\/romantischestrasse.de\/en\/outdoor\/cycling-gps-tracks\/\"><i class=\"fas fa-angle-right\"><\/i><span class=\"w-btn-label\">Cycling &amp; GPS tracks<\/span><\/a><\/div><div class=\"w-btn-wrapper align_none\"><a class=\"w-btn us-btn-style_4 icon_atleft\" href=\"https:\/\/romantischestrasse.de\/en\/outdoor\/hiking-tips-for-circular-tours\/\"><i class=\"fas fa-angle-right\"><\/i><span class=\"w-btn-label\">Hiking &amp; tips for circular tours<\/span><\/a><\/div><div class=\"w-btn-wrapper align_none\"><a class=\"w-btn us-btn-style_4 icon_atleft\" href=\"https:\/\/romantischestrasse.de\/en\/camping-caravans\/\"><i class=\"fas fa-angle-right\"><\/i><span class=\"w-btn-label\">Camping &amp; caravans<\/span><\/a><\/div><div class=\"w-btn-wrapper align_none\"><a class=\"w-btn us-btn-style_4 icon_atleft\" href=\"https:\/\/romantischestrasse.de\/en\/outdoor\/golf\/\"><i class=\"fas fa-angle-right\"><\/i><span class=\"w-btn-label\">Golf<\/span><\/a><\/div><\/div><\/div><\/div><\/div><div class=\"vc_col-sm-8 wpb_column vc_column_container\"><div class=\"vc_column-inner\"><div class=\"wpb_wrapper\"><h2 class=\"w-text us_custom_a23f3fdd has_text_color\"><span class=\"w-text-h\"><span class=\"w-text-value\">Nature and culture hand-in-hand for 500 kilometres<\/span><\/span><\/h2><div class=\"w-separator size_small\"><\/div><div class=\"wpb_text_column us_custom_b4198c51\"><div class=\"wpb_wrapper\"><p>The journey itself is your reward. If you organise your holiday according to this motto, you can sharpen your senses along the Romantic Road and embark on a tour of discovery from the River Main to the Alps.<\/p>\n<\/div><\/div><div class=\"w-separator size_small\"><\/div><div class=\"w-image align_none\"><div class=\"w-image-h\"><img decoding=\"async\" width=\"1024\" height=\"681\" src=\"https:\/\/romantischestrasse.de\/wp-content\/uploads\/2024\/05\/Fahrradfahren-auf-der-Romatnischen-Strasse-1024x681.jpeg\" class=\"attachment-large size-large\" alt=\"Radfahren auf der Romantischen Stra\u00dfe\" loading=\"lazy\" srcset=\"https:\/\/romantischestrasse.de\/wp-content\/uploads\/2024\/05\/Fahrradfahren-auf-der-Romatnischen-Strasse-1024x681.jpeg 1024w, https:\/\/romantischestrasse.de\/wp-content\/uploads\/2024\/05\/Fahrradfahren-auf-der-Romatnischen-Strasse-300x200.jpeg 300w, https:\/\/romantischestrasse.de\/wp-content\/uploads\/2024\/05\/Fahrradfahren-auf-der-Romatnischen-Strasse.jpeg 1300w\" sizes=\"auto, (max-width: 1024px) 100vw, 1024px\" \/><\/div><\/div><div class=\"w-separator size_small\"><\/div><div class=\"wpb_text_column\"><div class=\"wpb_wrapper\"><p>From W\u00fcrzburg in the north to F\u00fcssen in the south. Imperial towns, castles and abbeys are the traveller\u2019s constant companions on the journey from the Prince-Bishop\u2019s residence on the River Main to the royal castles in the foothills of the Alps. Architecture from many epochs has made the Romantic Road to Germany\u2019s best-known tourist route. Since the launching of the Romantic Road in 1950, innumerable tourists have discovered a heritage preserved for the modern world. In towns and villages along the route, medieval houses, towers and walls, Baroque palaces, Renaissance buildings, castles, monasteries, churches and King Ludwig II\u2019s fairy-tale castle of Neuschwanstein illustrate the wide-ranging term, \u2018romanticism\u2019. Besides the picturesque nooks and crannies, as well as the wonderful parks, mighty churches bear witness to the faith that, over the centuries, has given people the strength to create the wealth of architectural gems to be found along the Romantic Road.<\/p>\n<\/div><\/div><div class=\"w-separator size_small\"><\/div><div class=\"w-vwrapper us_custom_aea4ae7f align_none valign_top\"><div class=\"wpb_text_column\"><div class=\"wpb_wrapper\"><p><strong>For all active holiday makers, who set out to walk or cycle from W\u00fcrzburg to Wertheim: the first climb is not to be underestimated, particularly in hot weather or with a lot of luggage.<\/strong><\/p>\n<p>The W\u00fcrzburg public transport operators are happy to carry both luggage and bicycles. To do so, you need to buy a child\u2019s ticket at the ticket machine. Cyclists are recommended to take the bus from the W\u00fcrzburg main rail station to Waldb\u00fcttelbrunn (number 470). Walkers can get to the Frankenwarte district on the edge of town, specifically the Steinbachtal stop (numbers 3,5,8) by W\u00fcrzburg public transport.<\/p>\n<\/div><\/div><\/div><div class=\"w-separator size_large\"><\/div><div class=\"g-cols wpb_row via_flex valign_top type_default stacking_default\" style=\"--additional-gap:0.5rem;\"><div class=\"vc_col-sm-6 wpb_column vc_column_container has_bg_color\" id=\"tagungen\"><div class=\"vc_column-inner us_custom_84d275b3\"><div class=\"wpb_wrapper\"><h2 class=\"w-text us_custom_a23f3fdd has_text_color\"><span class=\"w-text-h\"><span class=\"w-text-value\">Cycle route guidebook (in English)<\/span><\/span><\/h2><div class=\"w-btn-wrapper align_none\"><a class=\"w-btn us-btn-style_4 icon_atleft\" target=\"_blank\" href=\"https:\/\/www.romantic-road-shop.com\/product-page\/bikeline-radtourenbuch-romantische-stra\u00dfe-von-w\u00fcrzburg-nach-f\u00fcssen\"><i class=\"fas fa-shopping-cart\"><\/i><span class=\"w-btn-label\">Show program offers<\/span><\/a><\/div><\/div><\/div><\/div><div class=\"vc_col-sm-6 wpb_column vc_column_container has_bg_color\" id=\"programmangebote\"><div class=\"vc_column-inner us_custom_84d275b3\"><div class=\"wpb_wrapper\"><h2 class=\"w-text us_custom_a23f3fdd has_text_color\"><span class=\"w-text-h\"><span class=\"w-text-value\">hikline Hiking guide<\/span><\/span><\/h2><div class=\"w-btn-wrapper align_none\"><a class=\"w-btn us-btn-style_4 icon_atleft\" target=\"_blank\" href=\"https:\/\/www.romantic-road-shop.com\/product-page\/asd\"><i class=\"fas fa-shopping-cart\"><\/i><span class=\"w-btn-label\">Show program offers<\/span><\/a><\/div><\/div><\/div><\/div><\/div><\/div><\/div><\/div><\/div><\/div><\/section>\n","protected":false},"excerpt":{"rendered":"OutdoorQuick-LinksCycling &amp; GPS tracksHiking &amp; tips for circular toursCamping &amp; caravansGolfNature and culture hand-in-hand for 500 kilometresThe journey itself is your reward. If you organise your holiday according to this motto, you can sharpen your senses along the Romantic Road and embark on a tour of discovery from the River Main to the Alps. From...","protected":false},"author":1,"featured_media":5686,"parent":0,"menu_order":0,"comment_status":"closed","ping_status":"closed","template":"","meta":{"_acf_changed":false,"footnotes":""},"class_list":["post-8136","page","type-page","status-publish","has-post-thumbnail","hentry"],"acf":[],"yoast_head":"<!-- This site is optimized with the Yoast SEO plugin v27.4 - https:\/\/yoast.com\/product\/yoast-seo-wordpress\/ -->\n<title>Outdoor - experience nature along the Romantic Road<\/title>\n<meta name=\"description\" content=\"Experience outdoor adventures: hiking trails, cycle routes and nature experiences along the Romantic Road. Discover now!\" \/>\n<meta name=\"robots\" content=\"index, follow, max-snippet:-1, max-image-preview:large, max-video-preview:-1\" \/>\n<link rel=\"canonical\" href=\"https:\/\/romantischestrasse.de\/en\/outdoor\/\" \/>\n<meta property=\"og:locale\" content=\"en_US\" \/>\n<meta property=\"og:type\" content=\"article\" \/>\n<meta property=\"og:title\" content=\"Outdoor - experience nature along the Romantic Road\" \/>\n<meta property=\"og:description\" content=\"Experience outdoor adventures: hiking trails, cycle routes and nature experiences along the Romantic Road. Discover now!\" \/>\n<meta property=\"og:url\" content=\"https:\/\/romantischestrasse.de\/en\/outdoor\/\" \/>\n<meta property=\"og:site_name\" content=\"Romantic Road\" \/>\n<meta property=\"article:publisher\" content=\"https:\/\/www.facebook.com\/romantische.strasse\/\" \/>\n<meta property=\"article:modified_time\" content=\"2026-02-11T10:28:18+00:00\" \/>\n<meta property=\"og:image\" content=\"https:\/\/romantischestrasse.de\/wp-content\/uploads\/2024\/08\/RottenbuchTLDSC_4997.jpg\" \/>\n\t<meta property=\"og:image:width\" content=\"1600\" \/>\n\t<meta property=\"og:image:height\" content=\"1068\" \/>\n\t<meta property=\"og:image:type\" content=\"image\/jpeg\" \/>\n<meta name=\"twitter:card\" content=\"summary_large_image\" \/>\n<meta name=\"twitter:label1\" content=\"Est. reading time\" \/>\n\t<meta name=\"twitter:data1\" content=\"5 minutes\" \/>\n<script type=\"application\/ld+json\" class=\"yoast-schema-graph\">{\"@context\":\"https:\\\/\\\/schema.org\",\"@graph\":[{\"@type\":\"WebPage\",\"@id\":\"https:\\\/\\\/romantischestrasse.de\\\/en\\\/outdoor\\\/\",\"url\":\"https:\\\/\\\/romantischestrasse.de\\\/en\\\/outdoor\\\/\",\"name\":\"Outdoor - experience nature along the Romantic Road\",\"isPartOf\":{\"@id\":\"https:\\\/\\\/romantischestrasse.de\\\/en\\\/#website\"},\"primaryImageOfPage\":{\"@id\":\"https:\\\/\\\/romantischestrasse.de\\\/en\\\/outdoor\\\/#primaryimage\"},\"image\":{\"@id\":\"https:\\\/\\\/romantischestrasse.de\\\/en\\\/outdoor\\\/#primaryimage\"},\"thumbnailUrl\":\"https:\\\/\\\/romantischestrasse.de\\\/wp-content\\\/uploads\\\/2024\\\/08\\\/RottenbuchTLDSC_4997.jpg\",\"datePublished\":\"2024-05-14T13:58:22+00:00\",\"dateModified\":\"2026-02-11T10:28:18+00:00\",\"description\":\"Experience outdoor adventures: hiking trails, cycle routes and nature experiences along the Romantic Road. Discover now!\",\"breadcrumb\":{\"@id\":\"https:\\\/\\\/romantischestrasse.de\\\/en\\\/outdoor\\\/#breadcrumb\"},\"inLanguage\":\"en-US\",\"potentialAction\":[{\"@type\":\"ReadAction\",\"target\":[\"https:\\\/\\\/romantischestrasse.de\\\/en\\\/outdoor\\\/\"]}]},{\"@type\":\"ImageObject\",\"inLanguage\":\"en-US\",\"@id\":\"https:\\\/\\\/romantischestrasse.de\\\/en\\\/outdoor\\\/#primaryimage\",\"url\":\"https:\\\/\\\/romantischestrasse.de\\\/wp-content\\\/uploads\\\/2024\\\/08\\\/RottenbuchTLDSC_4997.jpg\",\"contentUrl\":\"https:\\\/\\\/romantischestrasse.de\\\/wp-content\\\/uploads\\\/2024\\\/08\\\/RottenbuchTLDSC_4997.jpg\",\"width\":1600,\"height\":1068},{\"@type\":\"BreadcrumbList\",\"@id\":\"https:\\\/\\\/romantischestrasse.de\\\/en\\\/outdoor\\\/#breadcrumb\",\"itemListElement\":[{\"@type\":\"ListItem\",\"position\":1,\"name\":\"Startseite\",\"item\":\"https:\\\/\\\/romantischestrasse.de\\\/en\\\/home\\\/\"},{\"@type\":\"ListItem\",\"position\":2,\"name\":\"Outdoor\"}]},{\"@type\":\"WebSite\",\"@id\":\"https:\\\/\\\/romantischestrasse.de\\\/en\\\/#website\",\"url\":\"https:\\\/\\\/romantischestrasse.de\\\/en\\\/\",\"name\":\"Romantische Stra\u00dfe\",\"description\":\"Germany&#039;s oldest and most popular vacation route\",\"publisher\":{\"@id\":\"https:\\\/\\\/romantischestrasse.de\\\/en\\\/#organization\"},\"alternateName\":\"Romantische Stra\u00dfe\",\"potentialAction\":[{\"@type\":\"SearchAction\",\"target\":{\"@type\":\"EntryPoint\",\"urlTemplate\":\"https:\\\/\\\/romantischestrasse.de\\\/en\\\/?s={search_term_string}\"},\"query-input\":{\"@type\":\"PropertyValueSpecification\",\"valueRequired\":true,\"valueName\":\"search_term_string\"}}],\"inLanguage\":\"en-US\"},{\"@type\":\"Organization\",\"@id\":\"https:\\\/\\\/romantischestrasse.de\\\/en\\\/#organization\",\"name\":\"Romantische Stra\u00dfe\",\"alternateName\":\"Romantische Stra\u00dfe\",\"url\":\"https:\\\/\\\/romantischestrasse.de\\\/en\\\/\",\"logo\":{\"@type\":\"ImageObject\",\"inLanguage\":\"en-US\",\"@id\":\"https:\\\/\\\/romantischestrasse.de\\\/en\\\/#\\\/schema\\\/logo\\\/image\\\/\",\"url\":\"https:\\\/\\\/romantischestrasse.de\\\/wp-content\\\/uploads\\\/2024\\\/11\\\/Romantische-Strasse-Icon.png\",\"contentUrl\":\"https:\\\/\\\/romantischestrasse.de\\\/wp-content\\\/uploads\\\/2024\\\/11\\\/Romantische-Strasse-Icon.png\",\"width\":696,\"height\":696,\"caption\":\"Romantische Stra\u00dfe\"},\"image\":{\"@id\":\"https:\\\/\\\/romantischestrasse.de\\\/en\\\/#\\\/schema\\\/logo\\\/image\\\/\"},\"sameAs\":[\"https:\\\/\\\/www.facebook.com\\\/romantische.strasse\\\/\",\"http:\\\/\\\/instagram.com\\\/romantische_strasse\",\"https:\\\/\\\/www.youtube.com\\\/user\\\/romantischestrasse\"]}]}<\/script>\n<!-- \/ Yoast SEO plugin. -->","yoast_head_json":{"title":"Outdoor - experience nature along the Romantic Road","description":"Experience outdoor adventures: hiking trails, cycle routes and nature experiences along the Romantic Road. Discover now!","robots":{"index":"index","follow":"follow","max-snippet":"max-snippet:-1","max-image-preview":"max-image-preview:large","max-video-preview":"max-video-preview:-1"},"canonical":"https:\/\/romantischestrasse.de\/en\/outdoor\/","og_locale":"en_US","og_type":"article","og_title":"Outdoor - experience nature along the Romantic Road","og_description":"Experience outdoor adventures: hiking trails, cycle routes and nature experiences along the Romantic Road. Discover now!","og_url":"https:\/\/romantischestrasse.de\/en\/outdoor\/","og_site_name":"Romantic Road","article_publisher":"https:\/\/www.facebook.com\/romantische.strasse\/","article_modified_time":"2026-02-11T10:28:18+00:00","og_image":[{"width":1600,"height":1068,"url":"https:\/\/romantischestrasse.de\/wp-content\/uploads\/2024\/08\/RottenbuchTLDSC_4997.jpg","type":"image\/jpeg"}],"twitter_card":"summary_large_image","twitter_misc":{"Est. reading time":"5 minutes"},"schema":{"@context":"https:\/\/schema.org","@graph":[{"@type":"WebPage","@id":"https:\/\/romantischestrasse.de\/en\/outdoor\/","url":"https:\/\/romantischestrasse.de\/en\/outdoor\/","name":"Outdoor - experience nature along the Romantic Road","isPartOf":{"@id":"https:\/\/romantischestrasse.de\/en\/#website"},"primaryImageOfPage":{"@id":"https:\/\/romantischestrasse.de\/en\/outdoor\/#primaryimage"},"image":{"@id":"https:\/\/romantischestrasse.de\/en\/outdoor\/#primaryimage"},"thumbnailUrl":"https:\/\/romantischestrasse.de\/wp-content\/uploads\/2024\/08\/RottenbuchTLDSC_4997.jpg","datePublished":"2024-05-14T13:58:22+00:00","dateModified":"2026-02-11T10:28:18+00:00","description":"Experience outdoor adventures: hiking trails, cycle routes and nature experiences along the Romantic Road. Discover now!","breadcrumb":{"@id":"https:\/\/romantischestrasse.de\/en\/outdoor\/#breadcrumb"},"inLanguage":"en-US","potentialAction":[{"@type":"ReadAction","target":["https:\/\/romantischestrasse.de\/en\/outdoor\/"]}]},{"@type":"ImageObject","inLanguage":"en-US","@id":"https:\/\/romantischestrasse.de\/en\/outdoor\/#primaryimage","url":"https:\/\/romantischestrasse.de\/wp-content\/uploads\/2024\/08\/RottenbuchTLDSC_4997.jpg","contentUrl":"https:\/\/romantischestrasse.de\/wp-content\/uploads\/2024\/08\/RottenbuchTLDSC_4997.jpg","width":1600,"height":1068},{"@type":"BreadcrumbList","@id":"https:\/\/romantischestrasse.de\/en\/outdoor\/#breadcrumb","itemListElement":[{"@type":"ListItem","position":1,"name":"Startseite","item":"https:\/\/romantischestrasse.de\/en\/home\/"},{"@type":"ListItem","position":2,"name":"Outdoor"}]},{"@type":"WebSite","@id":"https:\/\/romantischestrasse.de\/en\/#website","url":"https:\/\/romantischestrasse.de\/en\/","name":"Romantische Stra\u00dfe","description":"Germany&#039;s oldest and most popular vacation route","publisher":{"@id":"https:\/\/romantischestrasse.de\/en\/#organization"},"alternateName":"Romantische Stra\u00dfe","potentialAction":[{"@type":"SearchAction","target":{"@type":"EntryPoint","urlTemplate":"https:\/\/romantischestrasse.de\/en\/?s={search_term_string}"},"query-input":{"@type":"PropertyValueSpecification","valueRequired":true,"valueName":"search_term_string"}}],"inLanguage":"en-US"},{"@type":"Organization","@id":"https:\/\/romantischestrasse.de\/en\/#organization","name":"Romantische Stra\u00dfe","alternateName":"Romantische Stra\u00dfe","url":"https:\/\/romantischestrasse.de\/en\/","logo":{"@type":"ImageObject","inLanguage":"en-US","@id":"https:\/\/romantischestrasse.de\/en\/#\/schema\/logo\/image\/","url":"https:\/\/romantischestrasse.de\/wp-content\/uploads\/2024\/11\/Romantische-Strasse-Icon.png","contentUrl":"https:\/\/romantischestrasse.de\/wp-content\/uploads\/2024\/11\/Romantische-Strasse-Icon.png","width":696,"height":696,"caption":"Romantische Stra\u00dfe"},"image":{"@id":"https:\/\/romantischestrasse.de\/en\/#\/schema\/logo\/image\/"},"sameAs":["https:\/\/www.facebook.com\/romantische.strasse\/","http:\/\/instagram.com\/romantische_strasse","https:\/\/www.youtube.com\/user\/romantischestrasse"]}]}},"_links":{"self":[{"href":"https:\/\/romantischestrasse.de\/en\/wp-json\/wp\/v2\/pages\/8136","targetHints":{"allow":["GET"]}}],"collection":[{"href":"https:\/\/romantischestrasse.de\/en\/wp-json\/wp\/v2\/pages"}],"about":[{"href":"https:\/\/romantischestrasse.de\/en\/wp-json\/wp\/v2\/types\/page"}],"author":[{"embeddable":true,"href":"https:\/\/romantischestrasse.de\/en\/wp-json\/wp\/v2\/users\/1"}],"replies":[{"embeddable":true,"href":"https:\/\/romantischestrasse.de\/en\/wp-json\/wp\/v2\/comments?post=8136"}],"version-history":[{"count":10,"href":"https:\/\/romantischestrasse.de\/en\/wp-json\/wp\/v2\/pages\/8136\/revisions"}],"predecessor-version":[{"id":10135,"href":"https:\/\/romantischestrasse.de\/en\/wp-json\/wp\/v2\/pages\/8136\/revisions\/10135"}],"wp:featuredmedia":[{"embeddable":true,"href":"https:\/\/romantischestrasse.de\/en\/wp-json\/wp\/v2\/media\/5686"}],"wp:attachment":[{"href":"https:\/\/romantischestrasse.de\/en\/wp-json\/wp\/v2\/media?parent=8136"}],"curies":[{"name":"wp","href":"https:\/\/api.w.org\/{rel}","templated":true}]}}